{"id":39,"date":"2022-02-16T18:01:34","date_gmt":"2022-02-16T18:01:34","guid":{"rendered":"https:\/\/evianmulti.combustible-demo.ca\/fr_can\/?page_id=39"},"modified":"2025-04-17T18:12:17","modified_gmt":"2025-04-17T18:12:17","slug":"hydration","status":"publish","type":"page","link":"https:\/\/www.evian.com\/fr_ca\/hydration\/","title":{"rendered":"Hydratation"},"content":{"rendered":"","protected":false},"excerpt":{"rendered":"","protected":false},"author":2,"featured_media":1595,"parent":0,"menu_order":0,"comment_status":"closed","ping_status":"closed","template":"","meta":{"_acf_changed":false,"footnotes":""},"pages_types":[18],"acf":[],"yoast_head":"<!-- This site is optimized with the Yoast SEO plugin v24.4 - https:\/\/yoast.com\/wordpress\/plugins\/seo\/ -->\n<title>Hydratation : guide de la consommation d&#039;eau - Evian<\/title>\n<meta name=\"description\" content=\"Saviez-vous que nous \u00e9tions compos\u00e9s \u00e0 60% d&#039;eau? Une hydratation ad\u00e9quate et de qualit\u00e9 est essentielle pour le maintien de l&#039;\u00e9quilibre du corps.\" \/>\n<meta name=\"robots\" content=\"index, follow, max-snippet:-1, max-image-preview:large, max-video-preview:-1\" \/>\n<link rel=\"canonical\" href=\"https:\/\/www.evian.com\/fr_ca\/hydration\/\" \/>\n<meta property=\"og:locale\" content=\"fr_CA\" \/>\n<meta property=\"og:type\" content=\"article\" \/>\n<meta property=\"og:title\" content=\"Hydratation : guide de la consommation d&#039;eau - Evian\" \/>\n<meta property=\"og:description\" content=\"Saviez-vous que nous \u00e9tions compos\u00e9s \u00e0 60% d&#039;eau? Une hydratation ad\u00e9quate et de qualit\u00e9 est essentielle pour le maintien de l&#039;\u00e9quilibre du corps.\" \/>\n<meta property=\"og:url\" content=\"https:\/\/www.evian.com\/fr_ca\/hydration\/\" \/>\n<meta property=\"og:site_name\" content=\"evian\u00ae\" \/>\n<meta property=\"article:modified_time\" content=\"2025-04-17T18:12:17+00:00\" \/>\n<meta property=\"og:image\" content=\"https:\/\/www.evian.com\/fr_ca\/wp-content\/uploads\/2023\/05\/hydratation4.jpg\" \/>\n\t<meta property=\"og:image:width\" content=\"1320\" \/>\n\t<meta property=\"og:image:height\" content=\"527\" \/>\n\t<meta property=\"og:image:type\" content=\"image\/jpeg\" \/>\n<meta name=\"twitter:card\" content=\"summary_large_image\" \/>\n<meta name=\"twitter:label1\" content=\"Estimation du temps de lecture\" \/>\n\t<meta name=\"twitter:data1\" content=\"1 minute\" \/>\n<script type=\"application\/ld+json\" class=\"yoast-schema-graph\">{\"@context\":\"https:\/\/schema.org\",\"@graph\":[{\"@type\":\"WebPage\",\"@id\":\"https:\/\/www.evian.com\/fr_ca\/hydration\/\",\"url\":\"https:\/\/www.evian.com\/fr_ca\/hydration\/\",\"name\":\"Hydratation : guide de la consommation d'eau - Evian\",\"isPartOf\":{\"@id\":\"https:\/\/www.evian.com\/fr_ca\/#website\"},\"primaryImageOfPage\":{\"@id\":\"https:\/\/www.evian.com\/fr_ca\/hydration\/#primaryimage\"},\"image\":{\"@id\":\"https:\/\/www.evian.com\/fr_ca\/hydration\/#primaryimage\"},\"thumbnailUrl\":\"https:\/\/www.evian.com\/fr_ca\/wp-content\/uploads\/2023\/05\/hydratation4.jpg\",\"datePublished\":\"2022-02-16T18:01:34+00:00\",\"dateModified\":\"2025-04-17T18:12:17+00:00\",\"description\":\"Saviez-vous que nous \u00e9tions compos\u00e9s \u00e0 60% d'eau? Une hydratation ad\u00e9quate et de qualit\u00e9 est essentielle pour le maintien de l'\u00e9quilibre du corps.\",\"breadcrumb\":{\"@id\":\"https:\/\/www.evian.com\/fr_ca\/hydration\/#breadcrumb\"},\"inLanguage\":\"fr-CA\",\"potentialAction\":[{\"@type\":\"ReadAction\",\"target\":[\"https:\/\/www.evian.com\/fr_ca\/hydration\/\"]}]},{\"@type\":\"ImageObject\",\"inLanguage\":\"fr-CA\",\"@id\":\"https:\/\/www.evian.com\/fr_ca\/hydration\/#primaryimage\",\"url\":\"https:\/\/www.evian.com\/fr_ca\/wp-content\/uploads\/2023\/05\/hydratation4.jpg\",\"contentUrl\":\"https:\/\/www.evian.com\/fr_ca\/wp-content\/uploads\/2023\/05\/hydratation4.jpg\",\"width\":1320,\"height\":527},{\"@type\":\"BreadcrumbList\",\"@id\":\"https:\/\/www.evian.com\/fr_ca\/hydration\/#breadcrumb\",\"itemListElement\":[{\"@type\":\"ListItem\",\"position\":1,\"name\":\"Accueil\",\"item\":\"https:\/\/www.evian.com\/fr_ca\/\"},{\"@type\":\"ListItem\",\"position\":2,\"name\":\"Hydratation\"}]},{\"@type\":\"WebSite\",\"@id\":\"https:\/\/www.evian.com\/fr_ca\/#website\",\"url\":\"https:\/\/www.evian.com\/fr_ca\/\",\"name\":\"evian\u00ae\",\"description\":\"Natural Spring Water\",\"publisher\":{\"@id\":\"https:\/\/www.evian.com\/fr_ca\/#organization\"},\"potentialAction\":[{\"@type\":\"SearchAction\",\"target\":{\"@type\":\"EntryPoint\",\"urlTemplate\":\"https:\/\/www.evian.com\/fr_ca\/?s={search_term_string}\"},\"query-input\":{\"@type\":\"PropertyValueSpecification\",\"valueRequired\":true,\"valueName\":\"search_term_string\"}}],\"inLanguage\":\"fr-CA\"},{\"@type\":\"Organization\",\"@id\":\"https:\/\/www.evian.com\/fr_ca\/#organization\",\"name\":\"Evian\",\"url\":\"https:\/\/www.evian.com\/fr_ca\/\",\"logo\":{\"@type\":\"ImageObject\",\"inLanguage\":\"fr-CA\",\"@id\":\"https:\/\/www.evian.com\/fr_ca\/#\/schema\/logo\/image\/\",\"url\":\"https:\/\/www.evian.ca\/fr_ca\/wp-content\/uploads\/2021\/06\/evian-logo-svg.svg\",\"contentUrl\":\"https:\/\/www.evian.ca\/fr_ca\/wp-content\/uploads\/2021\/06\/evian-logo-svg.svg\",\"width\":213,\"height\":119,\"caption\":\"Evian\"},\"image\":{\"@id\":\"https:\/\/www.evian.com\/fr_ca\/#\/schema\/logo\/image\/\"}}]}<\/script>\n<!-- \/ Yoast SEO plugin. -->","yoast_head_json":{"title":"Hydratation : guide de la consommation d'eau - Evian","description":"Saviez-vous que nous \u00e9tions compos\u00e9s \u00e0 60% d'eau? Une hydratation ad\u00e9quate et de qualit\u00e9 est essentielle pour le maintien de l'\u00e9quilibre du corps.","robots":{"index":"index","follow":"follow","max-snippet":"max-snippet:-1","max-image-preview":"max-image-preview:large","max-video-preview":"max-video-preview:-1"},"canonical":"https:\/\/www.evian.com\/fr_ca\/hydration\/","og_locale":"fr_CA","og_type":"article","og_title":"Hydratation : guide de la consommation d'eau - Evian","og_description":"Saviez-vous que nous \u00e9tions compos\u00e9s \u00e0 60% d'eau? Une hydratation ad\u00e9quate et de qualit\u00e9 est essentielle pour le maintien de l'\u00e9quilibre du corps.","og_url":"https:\/\/www.evian.com\/fr_ca\/hydration\/","og_site_name":"evian\u00ae","article_modified_time":"2025-04-17T18:12:17+00:00","og_image":[{"width":1320,"height":527,"url":"https:\/\/www.evian.com\/fr_ca\/wp-content\/uploads\/2023\/05\/hydratation4.jpg","type":"image\/jpeg"}],"twitter_card":"summary_large_image","twitter_misc":{"Estimation du temps de lecture":"1 minute"},"schema":{"@context":"https:\/\/schema.org","@graph":[{"@type":"WebPage","@id":"https:\/\/www.evian.com\/fr_ca\/hydration\/","url":"https:\/\/www.evian.com\/fr_ca\/hydration\/","name":"Hydratation : guide de la consommation d'eau - Evian","isPartOf":{"@id":"https:\/\/www.evian.com\/fr_ca\/#website"},"primaryImageOfPage":{"@id":"https:\/\/www.evian.com\/fr_ca\/hydration\/#primaryimage"},"image":{"@id":"https:\/\/www.evian.com\/fr_ca\/hydration\/#primaryimage"},"thumbnailUrl":"https:\/\/www.evian.com\/fr_ca\/wp-content\/uploads\/2023\/05\/hydratation4.jpg","datePublished":"2022-02-16T18:01:34+00:00","dateModified":"2025-04-17T18:12:17+00:00","description":"Saviez-vous que nous \u00e9tions compos\u00e9s \u00e0 60% d'eau? Une hydratation ad\u00e9quate et de qualit\u00e9 est essentielle pour le maintien de l'\u00e9quilibre du corps.","breadcrumb":{"@id":"https:\/\/www.evian.com\/fr_ca\/hydration\/#breadcrumb"},"inLanguage":"fr-CA","potentialAction":[{"@type":"ReadAction","target":["https:\/\/www.evian.com\/fr_ca\/hydration\/"]}]},{"@type":"ImageObject","inLanguage":"fr-CA","@id":"https:\/\/www.evian.com\/fr_ca\/hydration\/#primaryimage","url":"https:\/\/www.evian.com\/fr_ca\/wp-content\/uploads\/2023\/05\/hydratation4.jpg","contentUrl":"https:\/\/www.evian.com\/fr_ca\/wp-content\/uploads\/2023\/05\/hydratation4.jpg","width":1320,"height":527},{"@type":"BreadcrumbList","@id":"https:\/\/www.evian.com\/fr_ca\/hydration\/#breadcrumb","itemListElement":[{"@type":"ListItem","position":1,"name":"Accueil","item":"https:\/\/www.evian.com\/fr_ca\/"},{"@type":"ListItem","position":2,"name":"Hydratation"}]},{"@type":"WebSite","@id":"https:\/\/www.evian.com\/fr_ca\/#website","url":"https:\/\/www.evian.com\/fr_ca\/","name":"evian\u00ae","description":"Natural Spring Water","publisher":{"@id":"https:\/\/www.evian.com\/fr_ca\/#organization"},"potentialAction":[{"@type":"SearchAction","target":{"@type":"EntryPoint","urlTemplate":"https:\/\/www.evian.com\/fr_ca\/?s={search_term_string}"},"query-input":{"@type":"PropertyValueSpecification","valueRequired":true,"valueName":"search_term_string"}}],"inLanguage":"fr-CA"},{"@type":"Organization","@id":"https:\/\/www.evian.com\/fr_ca\/#organization","name":"Evian","url":"https:\/\/www.evian.com\/fr_ca\/","logo":{"@type":"ImageObject","inLanguage":"fr-CA","@id":"https:\/\/www.evian.com\/fr_ca\/#\/schema\/logo\/image\/","url":"https:\/\/www.evian.ca\/fr_ca\/wp-content\/uploads\/2021\/06\/evian-logo-svg.svg","contentUrl":"https:\/\/www.evian.ca\/fr_ca\/wp-content\/uploads\/2021\/06\/evian-logo-svg.svg","width":213,"height":119,"caption":"Evian"},"image":{"@id":"https:\/\/www.evian.com\/fr_ca\/#\/schema\/logo\/image\/"}}]}},"_links":{"self":[{"href":"https:\/\/www.evian.com\/fr_ca\/wp-json\/wp\/v2\/pages\/39"}],"collection":[{"href":"https:\/\/www.evian.com\/fr_ca\/wp-json\/wp\/v2\/pages"}],"about":[{"href":"https:\/\/www.evian.com\/fr_ca\/wp-json\/wp\/v2\/types\/page"}],"author":[{"embeddable":true,"href":"https:\/\/www.evian.com\/fr_ca\/wp-json\/wp\/v2\/users\/2"}],"replies":[{"embeddable":true,"href":"https:\/\/www.evian.com\/fr_ca\/wp-json\/wp\/v2\/comments?post=39"}],"version-history":[{"count":19,"href":"https:\/\/www.evian.com\/fr_ca\/wp-json\/wp\/v2\/pages\/39\/revisions"}],"predecessor-version":[{"id":1702,"href":"https:\/\/www.evian.com\/fr_ca\/wp-json\/wp\/v2\/pages\/39\/revisions\/1702"}],"wp:featuredmedia":[{"embeddable":true,"href":"https:\/\/www.evian.com\/fr_ca\/wp-json\/wp\/v2\/media\/1595"}],"wp:attachment":[{"href":"https:\/\/www.evian.com\/fr_ca\/wp-json\/wp\/v2\/media?parent=39"}],"wp:term":[{"taxonomy":"pages_types","embeddable":true,"href":"https:\/\/www.evian.com\/fr_ca\/wp-json\/wp\/v2\/pages_types?post=39"}],"curies":[{"name":"wp","href":"https:\/\/api.w.org\/{rel}","templated":true}]}}