{"id":31,"date":"2022-02-16T18:00:28","date_gmt":"2022-02-16T18:00:28","guid":{"rendered":"https:\/\/evianmulti.combustible-demo.ca\/fr_can\/?page_id=31"},"modified":"2025-04-17T17:32:41","modified_gmt":"2025-04-17T17:32:41","slug":"protection-de-la-source-evian","status":"publish","type":"page","link":"https:\/\/www.evian.com\/fr_ca\/nos-engagements\/protection-de-la-source-evian\/","title":{"rendered":"Protection de la source Evian"},"content":{"rendered":"","protected":false},"excerpt":{"rendered":"","protected":false},"author":2,"featured_media":1203,"parent":28,"menu_order":0,"comment_status":"closed","ping_status":"closed","template":"","meta":{"_acf_changed":false,"footnotes":""},"pages_types":[16],"acf":[],"yoast_head":"<!-- This site is optimized with the Yoast SEO plugin v24.4 - https:\/\/yoast.com\/wordpress\/plugins\/seo\/ -->\n<title>Protection de la Source d&#039;eau - Nos engagements - Evian<\/title>\n<meta name=\"description\" content=\"L&#039;eau est une ressource pr\u00e9cieuse. Pour respecter son rythme naturel, nous pr\u00e9servons notre source d&#039;eau min\u00e9rale. Apprenez-en plus sur nos engagements.\" \/>\n<meta name=\"robots\" content=\"index, follow, max-snippet:-1, max-image-preview:large, max-video-preview:-1\" \/>\n<link rel=\"canonical\" href=\"https:\/\/www.evian.com\/fr_ca\/nos-engagements\/protection-de-la-source-evian\/\" \/>\n<meta property=\"og:locale\" content=\"fr_CA\" \/>\n<meta property=\"og:type\" content=\"article\" \/>\n<meta property=\"og:title\" content=\"Protection de la Source d&#039;eau - Nos engagements - Evian\" \/>\n<meta property=\"og:description\" content=\"L&#039;eau est une ressource pr\u00e9cieuse. Pour respecter son rythme naturel, nous pr\u00e9servons notre source d&#039;eau min\u00e9rale. Apprenez-en plus sur nos engagements.\" \/>\n<meta property=\"og:url\" content=\"https:\/\/www.evian.com\/fr_ca\/nos-engagements\/protection-de-la-source-evian\/\" \/>\n<meta property=\"og:site_name\" content=\"evian\u00ae\" \/>\n<meta property=\"article:modified_time\" content=\"2025-04-17T17:32:41+00:00\" \/>\n<meta property=\"og:image\" content=\"https:\/\/www.evian.com\/fr_ca\/wp-content\/uploads\/2022\/04\/protection-source-eau.jpg\" \/>\n\t<meta property=\"og:image:width\" content=\"1320\" \/>\n\t<meta property=\"og:image:height\" content=\"578\" \/>\n\t<meta property=\"og:image:type\" content=\"image\/jpeg\" \/>\n<meta name=\"twitter:card\" content=\"summary_large_image\" \/>\n<meta name=\"twitter:label1\" content=\"Estimation du temps de lecture\" \/>\n\t<meta name=\"twitter:data1\" content=\"1 minute\" \/>\n<script type=\"application\/ld+json\" class=\"yoast-schema-graph\">{\"@context\":\"https:\/\/schema.org\",\"@graph\":[{\"@type\":\"WebPage\",\"@id\":\"https:\/\/www.evian.com\/fr_ca\/nos-engagements\/protection-de-la-source-evian\/\",\"url\":\"https:\/\/www.evian.com\/fr_ca\/nos-engagements\/protection-de-la-source-evian\/\",\"name\":\"Protection de la Source d'eau - Nos engagements - Evian\",\"isPartOf\":{\"@id\":\"https:\/\/www.evian.com\/fr_ca\/#website\"},\"primaryImageOfPage\":{\"@id\":\"https:\/\/www.evian.com\/fr_ca\/nos-engagements\/protection-de-la-source-evian\/#primaryimage\"},\"image\":{\"@id\":\"https:\/\/www.evian.com\/fr_ca\/nos-engagements\/protection-de-la-source-evian\/#primaryimage\"},\"thumbnailUrl\":\"https:\/\/www.evian.com\/fr_ca\/wp-content\/uploads\/2022\/04\/protection-source-eau.jpg\",\"datePublished\":\"2022-02-16T18:00:28+00:00\",\"dateModified\":\"2025-04-17T17:32:41+00:00\",\"description\":\"L'eau est une ressource pr\u00e9cieuse. Pour respecter son rythme naturel, nous pr\u00e9servons notre source d'eau min\u00e9rale. Apprenez-en plus sur nos engagements.\",\"breadcrumb\":{\"@id\":\"https:\/\/www.evian.com\/fr_ca\/nos-engagements\/protection-de-la-source-evian\/#breadcrumb\"},\"inLanguage\":\"fr-CA\",\"potentialAction\":[{\"@type\":\"ReadAction\",\"target\":[\"https:\/\/www.evian.com\/fr_ca\/nos-engagements\/protection-de-la-source-evian\/\"]}]},{\"@type\":\"ImageObject\",\"inLanguage\":\"fr-CA\",\"@id\":\"https:\/\/www.evian.com\/fr_ca\/nos-engagements\/protection-de-la-source-evian\/#primaryimage\",\"url\":\"https:\/\/www.evian.com\/fr_ca\/wp-content\/uploads\/2022\/04\/protection-source-eau.jpg\",\"contentUrl\":\"https:\/\/www.evian.com\/fr_ca\/wp-content\/uploads\/2022\/04\/protection-source-eau.jpg\",\"width\":1320,\"height\":578,\"caption\":\"protection source eau\"},{\"@type\":\"BreadcrumbList\",\"@id\":\"https:\/\/www.evian.com\/fr_ca\/nos-engagements\/protection-de-la-source-evian\/#breadcrumb\",\"itemListElement\":[{\"@type\":\"ListItem\",\"position\":1,\"name\":\"Accueil\",\"item\":\"https:\/\/www.evian.com\/fr_ca\/\"},{\"@type\":\"ListItem\",\"position\":2,\"name\":\"Nos engagements\",\"item\":\"https:\/\/www.evian.com\/fr_ca\/nos-engagements\/\"},{\"@type\":\"ListItem\",\"position\":3,\"name\":\"Protection de la source Evian\"}]},{\"@type\":\"WebSite\",\"@id\":\"https:\/\/www.evian.com\/fr_ca\/#website\",\"url\":\"https:\/\/www.evian.com\/fr_ca\/\",\"name\":\"evian\u00ae\",\"description\":\"Natural Spring Water\",\"publisher\":{\"@id\":\"https:\/\/www.evian.com\/fr_ca\/#organization\"},\"potentialAction\":[{\"@type\":\"SearchAction\",\"target\":{\"@type\":\"EntryPoint\",\"urlTemplate\":\"https:\/\/www.evian.com\/fr_ca\/?s={search_term_string}\"},\"query-input\":{\"@type\":\"PropertyValueSpecification\",\"valueRequired\":true,\"valueName\":\"search_term_string\"}}],\"inLanguage\":\"fr-CA\"},{\"@type\":\"Organization\",\"@id\":\"https:\/\/www.evian.com\/fr_ca\/#organization\",\"name\":\"Evian\",\"url\":\"https:\/\/www.evian.com\/fr_ca\/\",\"logo\":{\"@type\":\"ImageObject\",\"inLanguage\":\"fr-CA\",\"@id\":\"https:\/\/www.evian.com\/fr_ca\/#\/schema\/logo\/image\/\",\"url\":\"https:\/\/www.evian.ca\/fr_ca\/wp-content\/uploads\/2021\/06\/evian-logo-svg.svg\",\"contentUrl\":\"https:\/\/www.evian.ca\/fr_ca\/wp-content\/uploads\/2021\/06\/evian-logo-svg.svg\",\"width\":213,\"height\":119,\"caption\":\"Evian\"},\"image\":{\"@id\":\"https:\/\/www.evian.com\/fr_ca\/#\/schema\/logo\/image\/\"}}]}<\/script>\n<!-- \/ Yoast SEO plugin. -->","yoast_head_json":{"title":"Protection de la Source d'eau - Nos engagements - Evian","description":"L'eau est une ressource pr\u00e9cieuse. Pour respecter son rythme naturel, nous pr\u00e9servons notre source d'eau min\u00e9rale. Apprenez-en plus sur nos engagements.","robots":{"index":"index","follow":"follow","max-snippet":"max-snippet:-1","max-image-preview":"max-image-preview:large","max-video-preview":"max-video-preview:-1"},"canonical":"https:\/\/www.evian.com\/fr_ca\/nos-engagements\/protection-de-la-source-evian\/","og_locale":"fr_CA","og_type":"article","og_title":"Protection de la Source d'eau - Nos engagements - Evian","og_description":"L'eau est une ressource pr\u00e9cieuse. Pour respecter son rythme naturel, nous pr\u00e9servons notre source d'eau min\u00e9rale. Apprenez-en plus sur nos engagements.","og_url":"https:\/\/www.evian.com\/fr_ca\/nos-engagements\/protection-de-la-source-evian\/","og_site_name":"evian\u00ae","article_modified_time":"2025-04-17T17:32:41+00:00","og_image":[{"width":1320,"height":578,"url":"https:\/\/www.evian.com\/fr_ca\/wp-content\/uploads\/2022\/04\/protection-source-eau.jpg","type":"image\/jpeg"}],"twitter_card":"summary_large_image","twitter_misc":{"Estimation du temps de lecture":"1 minute"},"schema":{"@context":"https:\/\/schema.org","@graph":[{"@type":"WebPage","@id":"https:\/\/www.evian.com\/fr_ca\/nos-engagements\/protection-de-la-source-evian\/","url":"https:\/\/www.evian.com\/fr_ca\/nos-engagements\/protection-de-la-source-evian\/","name":"Protection de la Source d'eau - Nos engagements - Evian","isPartOf":{"@id":"https:\/\/www.evian.com\/fr_ca\/#website"},"primaryImageOfPage":{"@id":"https:\/\/www.evian.com\/fr_ca\/nos-engagements\/protection-de-la-source-evian\/#primaryimage"},"image":{"@id":"https:\/\/www.evian.com\/fr_ca\/nos-engagements\/protection-de-la-source-evian\/#primaryimage"},"thumbnailUrl":"https:\/\/www.evian.com\/fr_ca\/wp-content\/uploads\/2022\/04\/protection-source-eau.jpg","datePublished":"2022-02-16T18:00:28+00:00","dateModified":"2025-04-17T17:32:41+00:00","description":"L'eau est une ressource pr\u00e9cieuse. Pour respecter son rythme naturel, nous pr\u00e9servons notre source d'eau min\u00e9rale. Apprenez-en plus sur nos engagements.","breadcrumb":{"@id":"https:\/\/www.evian.com\/fr_ca\/nos-engagements\/protection-de-la-source-evian\/#breadcrumb"},"inLanguage":"fr-CA","potentialAction":[{"@type":"ReadAction","target":["https:\/\/www.evian.com\/fr_ca\/nos-engagements\/protection-de-la-source-evian\/"]}]},{"@type":"ImageObject","inLanguage":"fr-CA","@id":"https:\/\/www.evian.com\/fr_ca\/nos-engagements\/protection-de-la-source-evian\/#primaryimage","url":"https:\/\/www.evian.com\/fr_ca\/wp-content\/uploads\/2022\/04\/protection-source-eau.jpg","contentUrl":"https:\/\/www.evian.com\/fr_ca\/wp-content\/uploads\/2022\/04\/protection-source-eau.jpg","width":1320,"height":578,"caption":"protection source eau"},{"@type":"BreadcrumbList","@id":"https:\/\/www.evian.com\/fr_ca\/nos-engagements\/protection-de-la-source-evian\/#breadcrumb","itemListElement":[{"@type":"ListItem","position":1,"name":"Accueil","item":"https:\/\/www.evian.com\/fr_ca\/"},{"@type":"ListItem","position":2,"name":"Nos engagements","item":"https:\/\/www.evian.com\/fr_ca\/nos-engagements\/"},{"@type":"ListItem","position":3,"name":"Protection de la source Evian"}]},{"@type":"WebSite","@id":"https:\/\/www.evian.com\/fr_ca\/#website","url":"https:\/\/www.evian.com\/fr_ca\/","name":"evian\u00ae","description":"Natural Spring Water","publisher":{"@id":"https:\/\/www.evian.com\/fr_ca\/#organization"},"potentialAction":[{"@type":"SearchAction","target":{"@type":"EntryPoint","urlTemplate":"https:\/\/www.evian.com\/fr_ca\/?s={search_term_string}"},"query-input":{"@type":"PropertyValueSpecification","valueRequired":true,"valueName":"search_term_string"}}],"inLanguage":"fr-CA"},{"@type":"Organization","@id":"https:\/\/www.evian.com\/fr_ca\/#organization","name":"Evian","url":"https:\/\/www.evian.com\/fr_ca\/","logo":{"@type":"ImageObject","inLanguage":"fr-CA","@id":"https:\/\/www.evian.com\/fr_ca\/#\/schema\/logo\/image\/","url":"https:\/\/www.evian.ca\/fr_ca\/wp-content\/uploads\/2021\/06\/evian-logo-svg.svg","contentUrl":"https:\/\/www.evian.ca\/fr_ca\/wp-content\/uploads\/2021\/06\/evian-logo-svg.svg","width":213,"height":119,"caption":"Evian"},"image":{"@id":"https:\/\/www.evian.com\/fr_ca\/#\/schema\/logo\/image\/"}}]}},"_links":{"self":[{"href":"https:\/\/www.evian.com\/fr_ca\/wp-json\/wp\/v2\/pages\/31"}],"collection":[{"href":"https:\/\/www.evian.com\/fr_ca\/wp-json\/wp\/v2\/pages"}],"about":[{"href":"https:\/\/www.evian.com\/fr_ca\/wp-json\/wp\/v2\/types\/page"}],"author":[{"embeddable":true,"href":"https:\/\/www.evian.com\/fr_ca\/wp-json\/wp\/v2\/users\/2"}],"replies":[{"embeddable":true,"href":"https:\/\/www.evian.com\/fr_ca\/wp-json\/wp\/v2\/comments?post=31"}],"version-history":[{"count":10,"href":"https:\/\/www.evian.com\/fr_ca\/wp-json\/wp\/v2\/pages\/31\/revisions"}],"predecessor-version":[{"id":1696,"href":"https:\/\/www.evian.com\/fr_ca\/wp-json\/wp\/v2\/pages\/31\/revisions\/1696"}],"up":[{"embeddable":true,"href":"https:\/\/www.evian.com\/fr_ca\/wp-json\/wp\/v2\/pages\/28"}],"wp:featuredmedia":[{"embeddable":true,"href":"https:\/\/www.evian.com\/fr_ca\/wp-json\/wp\/v2\/media\/1203"}],"wp:attachment":[{"href":"https:\/\/www.evian.com\/fr_ca\/wp-json\/wp\/v2\/media?parent=31"}],"wp:term":[{"taxonomy":"pages_types","embeddable":true,"href":"https:\/\/www.evian.com\/fr_ca\/wp-json\/wp\/v2\/pages_types?post=31"}],"curies":[{"name":"wp","href":"https:\/\/api.w.org\/{rel}","templated":true}]}}