{"id":28,"date":"2022-02-16T18:00:07","date_gmt":"2022-02-16T18:00:07","guid":{"rendered":"https:\/\/evianmulti.combustible-demo.ca\/fr_can\/?page_id=28"},"modified":"2023-08-31T11:46:36","modified_gmt":"2023-08-31T11:46:36","slug":"nos-engagements","status":"publish","type":"page","link":"https:\/\/www.evian.com\/fr_ca\/nos-engagements\/","title":{"rendered":"Nos engagements"},"content":{"rendered":"","protected":false},"excerpt":{"rendered":"","protected":false},"author":2,"featured_media":1187,"parent":0,"menu_order":0,"comment_status":"closed","ping_status":"closed","template":"","meta":{"_acf_changed":false,"footnotes":""},"pages_types":[15],"acf":[],"yoast_head":"<!-- This site is optimized with the Yoast SEO plugin v24.4 - https:\/\/yoast.com\/wordpress\/plugins\/seo\/ -->\n<title>Nos engagements pour une eau de source durable - Evian<\/title>\n<meta name=\"description\" content=\"Pour continuer de vous fournir une eau min\u00e9rale, Evian s&#039;engage \u00e0 r\u00e9duire son impact sur le climat et \u00e0 faire innover sans cesse ses techniques de production.\" \/>\n<meta name=\"robots\" content=\"index, follow, max-snippet:-1, max-image-preview:large, max-video-preview:-1\" \/>\n<link rel=\"canonical\" href=\"https:\/\/www.evian.com\/fr_ca\/nos-engagements\/\" \/>\n<meta property=\"og:locale\" content=\"fr_CA\" \/>\n<meta property=\"og:type\" content=\"article\" \/>\n<meta property=\"og:title\" content=\"Nos engagements pour une eau de source durable - Evian\" \/>\n<meta property=\"og:description\" content=\"Pour continuer de vous fournir une eau min\u00e9rale, Evian s&#039;engage \u00e0 r\u00e9duire son impact sur le climat et \u00e0 faire innover sans cesse ses techniques de production.\" \/>\n<meta property=\"og:url\" content=\"https:\/\/www.evian.com\/fr_ca\/nos-engagements\/\" \/>\n<meta property=\"og:site_name\" content=\"evian\u00ae\" \/>\n<meta property=\"article:modified_time\" content=\"2023-08-31T11:46:36+00:00\" \/>\n<meta property=\"og:image\" content=\"https:\/\/www.evian.com\/fr_ca\/wp-content\/uploads\/2022\/04\/bouteille-eau-durable.jpg\" \/>\n\t<meta property=\"og:image:width\" content=\"1320\" \/>\n\t<meta property=\"og:image:height\" content=\"527\" \/>\n\t<meta property=\"og:image:type\" content=\"image\/jpeg\" \/>\n<meta name=\"twitter:card\" content=\"summary_large_image\" \/>\n<script type=\"application\/ld+json\" class=\"yoast-schema-graph\">{\"@context\":\"https:\/\/schema.org\",\"@graph\":[{\"@type\":\"WebPage\",\"@id\":\"https:\/\/www.evian.com\/fr_ca\/nos-engagements\/\",\"url\":\"https:\/\/www.evian.com\/fr_ca\/nos-engagements\/\",\"name\":\"Nos engagements pour une eau de source durable - Evian\",\"isPartOf\":{\"@id\":\"https:\/\/www.evian.com\/fr_ca\/#website\"},\"primaryImageOfPage\":{\"@id\":\"https:\/\/www.evian.com\/fr_ca\/nos-engagements\/#primaryimage\"},\"image\":{\"@id\":\"https:\/\/www.evian.com\/fr_ca\/nos-engagements\/#primaryimage\"},\"thumbnailUrl\":\"https:\/\/www.evian.com\/fr_ca\/wp-content\/uploads\/2022\/04\/bouteille-eau-durable.jpg\",\"datePublished\":\"2022-02-16T18:00:07+00:00\",\"dateModified\":\"2023-08-31T11:46:36+00:00\",\"description\":\"Pour continuer de vous fournir une eau min\u00e9rale, Evian s'engage \u00e0 r\u00e9duire son impact sur le climat et \u00e0 faire innover sans cesse ses techniques de production.\",\"breadcrumb\":{\"@id\":\"https:\/\/www.evian.com\/fr_ca\/nos-engagements\/#breadcrumb\"},\"inLanguage\":\"fr-CA\",\"potentialAction\":[{\"@type\":\"ReadAction\",\"target\":[\"https:\/\/www.evian.com\/fr_ca\/nos-engagements\/\"]}]},{\"@type\":\"ImageObject\",\"inLanguage\":\"fr-CA\",\"@id\":\"https:\/\/www.evian.com\/fr_ca\/nos-engagements\/#primaryimage\",\"url\":\"https:\/\/www.evian.com\/fr_ca\/wp-content\/uploads\/2022\/04\/bouteille-eau-durable.jpg\",\"contentUrl\":\"https:\/\/www.evian.com\/fr_ca\/wp-content\/uploads\/2022\/04\/bouteille-eau-durable.jpg\",\"width\":1320,\"height\":527,\"caption\":\"bouteille eau durable\"},{\"@type\":\"BreadcrumbList\",\"@id\":\"https:\/\/www.evian.com\/fr_ca\/nos-engagements\/#breadcrumb\",\"itemListElement\":[{\"@type\":\"ListItem\",\"position\":1,\"name\":\"Accueil\",\"item\":\"https:\/\/www.evian.com\/fr_ca\/\"},{\"@type\":\"ListItem\",\"position\":2,\"name\":\"Nos engagements\"}]},{\"@type\":\"WebSite\",\"@id\":\"https:\/\/www.evian.com\/fr_ca\/#website\",\"url\":\"https:\/\/www.evian.com\/fr_ca\/\",\"name\":\"evian\u00ae\",\"description\":\"Natural Spring Water\",\"publisher\":{\"@id\":\"https:\/\/www.evian.com\/fr_ca\/#organization\"},\"potentialAction\":[{\"@type\":\"SearchAction\",\"target\":{\"@type\":\"EntryPoint\",\"urlTemplate\":\"https:\/\/www.evian.com\/fr_ca\/?s={search_term_string}\"},\"query-input\":{\"@type\":\"PropertyValueSpecification\",\"valueRequired\":true,\"valueName\":\"search_term_string\"}}],\"inLanguage\":\"fr-CA\"},{\"@type\":\"Organization\",\"@id\":\"https:\/\/www.evian.com\/fr_ca\/#organization\",\"name\":\"Evian\",\"url\":\"https:\/\/www.evian.com\/fr_ca\/\",\"logo\":{\"@type\":\"ImageObject\",\"inLanguage\":\"fr-CA\",\"@id\":\"https:\/\/www.evian.com\/fr_ca\/#\/schema\/logo\/image\/\",\"url\":\"https:\/\/www.evian.ca\/fr_ca\/wp-content\/uploads\/2021\/06\/evian-logo-svg.svg\",\"contentUrl\":\"https:\/\/www.evian.ca\/fr_ca\/wp-content\/uploads\/2021\/06\/evian-logo-svg.svg\",\"width\":213,\"height\":119,\"caption\":\"Evian\"},\"image\":{\"@id\":\"https:\/\/www.evian.com\/fr_ca\/#\/schema\/logo\/image\/\"}}]}<\/script>\n<!-- \/ Yoast SEO plugin. -->","yoast_head_json":{"title":"Nos engagements pour une eau de source durable - Evian","description":"Pour continuer de vous fournir une eau min\u00e9rale, Evian s'engage \u00e0 r\u00e9duire son impact sur le climat et \u00e0 faire innover sans cesse ses techniques de production.","robots":{"index":"index","follow":"follow","max-snippet":"max-snippet:-1","max-image-preview":"max-image-preview:large","max-video-preview":"max-video-preview:-1"},"canonical":"https:\/\/www.evian.com\/fr_ca\/nos-engagements\/","og_locale":"fr_CA","og_type":"article","og_title":"Nos engagements pour une eau de source durable - Evian","og_description":"Pour continuer de vous fournir une eau min\u00e9rale, Evian s'engage \u00e0 r\u00e9duire son impact sur le climat et \u00e0 faire innover sans cesse ses techniques de production.","og_url":"https:\/\/www.evian.com\/fr_ca\/nos-engagements\/","og_site_name":"evian\u00ae","article_modified_time":"2023-08-31T11:46:36+00:00","og_image":[{"width":1320,"height":527,"url":"https:\/\/www.evian.com\/fr_ca\/wp-content\/uploads\/2022\/04\/bouteille-eau-durable.jpg","type":"image\/jpeg"}],"twitter_card":"summary_large_image","schema":{"@context":"https:\/\/schema.org","@graph":[{"@type":"WebPage","@id":"https:\/\/www.evian.com\/fr_ca\/nos-engagements\/","url":"https:\/\/www.evian.com\/fr_ca\/nos-engagements\/","name":"Nos engagements pour une eau de source durable - Evian","isPartOf":{"@id":"https:\/\/www.evian.com\/fr_ca\/#website"},"primaryImageOfPage":{"@id":"https:\/\/www.evian.com\/fr_ca\/nos-engagements\/#primaryimage"},"image":{"@id":"https:\/\/www.evian.com\/fr_ca\/nos-engagements\/#primaryimage"},"thumbnailUrl":"https:\/\/www.evian.com\/fr_ca\/wp-content\/uploads\/2022\/04\/bouteille-eau-durable.jpg","datePublished":"2022-02-16T18:00:07+00:00","dateModified":"2023-08-31T11:46:36+00:00","description":"Pour continuer de vous fournir une eau min\u00e9rale, Evian s'engage \u00e0 r\u00e9duire son impact sur le climat et \u00e0 faire innover sans cesse ses techniques de production.","breadcrumb":{"@id":"https:\/\/www.evian.com\/fr_ca\/nos-engagements\/#breadcrumb"},"inLanguage":"fr-CA","potentialAction":[{"@type":"ReadAction","target":["https:\/\/www.evian.com\/fr_ca\/nos-engagements\/"]}]},{"@type":"ImageObject","inLanguage":"fr-CA","@id":"https:\/\/www.evian.com\/fr_ca\/nos-engagements\/#primaryimage","url":"https:\/\/www.evian.com\/fr_ca\/wp-content\/uploads\/2022\/04\/bouteille-eau-durable.jpg","contentUrl":"https:\/\/www.evian.com\/fr_ca\/wp-content\/uploads\/2022\/04\/bouteille-eau-durable.jpg","width":1320,"height":527,"caption":"bouteille eau durable"},{"@type":"BreadcrumbList","@id":"https:\/\/www.evian.com\/fr_ca\/nos-engagements\/#breadcrumb","itemListElement":[{"@type":"ListItem","position":1,"name":"Accueil","item":"https:\/\/www.evian.com\/fr_ca\/"},{"@type":"ListItem","position":2,"name":"Nos engagements"}]},{"@type":"WebSite","@id":"https:\/\/www.evian.com\/fr_ca\/#website","url":"https:\/\/www.evian.com\/fr_ca\/","name":"evian\u00ae","description":"Natural Spring Water","publisher":{"@id":"https:\/\/www.evian.com\/fr_ca\/#organization"},"potentialAction":[{"@type":"SearchAction","target":{"@type":"EntryPoint","urlTemplate":"https:\/\/www.evian.com\/fr_ca\/?s={search_term_string}"},"query-input":{"@type":"PropertyValueSpecification","valueRequired":true,"valueName":"search_term_string"}}],"inLanguage":"fr-CA"},{"@type":"Organization","@id":"https:\/\/www.evian.com\/fr_ca\/#organization","name":"Evian","url":"https:\/\/www.evian.com\/fr_ca\/","logo":{"@type":"ImageObject","inLanguage":"fr-CA","@id":"https:\/\/www.evian.com\/fr_ca\/#\/schema\/logo\/image\/","url":"https:\/\/www.evian.ca\/fr_ca\/wp-content\/uploads\/2021\/06\/evian-logo-svg.svg","contentUrl":"https:\/\/www.evian.ca\/fr_ca\/wp-content\/uploads\/2021\/06\/evian-logo-svg.svg","width":213,"height":119,"caption":"Evian"},"image":{"@id":"https:\/\/www.evian.com\/fr_ca\/#\/schema\/logo\/image\/"}}]}},"_links":{"self":[{"href":"https:\/\/www.evian.com\/fr_ca\/wp-json\/wp\/v2\/pages\/28"}],"collection":[{"href":"https:\/\/www.evian.com\/fr_ca\/wp-json\/wp\/v2\/pages"}],"about":[{"href":"https:\/\/www.evian.com\/fr_ca\/wp-json\/wp\/v2\/types\/page"}],"author":[{"embeddable":true,"href":"https:\/\/www.evian.com\/fr_ca\/wp-json\/wp\/v2\/users\/2"}],"replies":[{"embeddable":true,"href":"https:\/\/www.evian.com\/fr_ca\/wp-json\/wp\/v2\/comments?post=28"}],"version-history":[{"count":20,"href":"https:\/\/www.evian.com\/fr_ca\/wp-json\/wp\/v2\/pages\/28\/revisions"}],"predecessor-version":[{"id":1611,"href":"https:\/\/www.evian.com\/fr_ca\/wp-json\/wp\/v2\/pages\/28\/revisions\/1611"}],"wp:featuredmedia":[{"embeddable":true,"href":"https:\/\/www.evian.com\/fr_ca\/wp-json\/wp\/v2\/media\/1187"}],"wp:attachment":[{"href":"https:\/\/www.evian.com\/fr_ca\/wp-json\/wp\/v2\/media?parent=28"}],"wp:term":[{"taxonomy":"pages_types","embeddable":true,"href":"https:\/\/www.evian.com\/fr_ca\/wp-json\/wp\/v2\/pages_types?post=28"}],"curies":[{"name":"wp","href":"https:\/\/api.w.org\/{rel}","templated":true}]}}